{"id":22,"date":"2014-12-13T01:03:43","date_gmt":"2014-12-13T01:03:43","guid":{"rendered":"http:\/\/localhost\/?page_id=22"},"modified":"2016-01-31T11:22:55","modified_gmt":"2016-01-31T15:22:55","slug":"documentacao","status":"publish","type":"page","link":"https:\/\/linguagemprisma.br4.biz\/blog\/documentacao\/","title":{"rendered":"Documenta\u00e7\u00e3o"},"content":{"rendered":"<p>&nbsp;<\/p>\n<h1>Tutoriais:<\/h1>\n<ul>\n<li><a title=\"Primeiros passos!\" href=\"https:\/\/linguagemprisma.br4.biz\/blog\/interface_grafica\/meu-primeiro-programa\/\">Primeiros passos<\/a><\/li>\n<li><a title=\"Explicando algumas extens\u00f5es de arquivos prisma\" href=\"https:\/\/linguagemprisma.br4.biz\/blog\/explicando-algumas-extensoes-de-arquivos-prisma\/\">Explica\u00e7\u00e3o sobre as extens\u00f5es prisma.<\/a><\/li>\n<li><a title=\"Tutoriais\" href=\"https:\/\/linguagemprisma.br4.biz\/blog\/tutoriais\/\">P\u00e1gina de posts &#8211; exemplos postados com explica\u00e7\u00f5es<\/a><\/li>\n<li><a href=\"https:\/\/linguagemprisma.br4.biz\/blog\/especial-biblioteca-win-algumas-funcoes-do-windows-h\/\" target=\"_blank\">Especial biblioteca win\u00a0 (algumas fun\u00e7\u00f5es do windows.h &#8211;\u00a0 \u00faltima atualiza\u00e7\u00e3o: 14-10-2015 )<br \/>\n<\/a><\/li>\n<li><a href=\"https:\/\/linguagemprisma.br4.biz\/blog\/tutorial-interface-grafica-igprisma\/\" target=\"_blank\">Tutorial de interface gr\u00e1fica igbr (04-05-2015)<\/a><\/li>\n<li><a href=\"https:\/\/linguagemprisma.br4.biz\/blog\/prisma-web-tutorial\/\">Tutorial web cgi Prisma (12\/01\/2016)<\/a><\/li>\n<li><a href=\"https:\/\/linguagemprisma.br4.biz\/blog\/instalando-servidor-xampp\/\">Como instalar o servidor Xampp em m\u00e1quina local. (08\/01\/2016)<\/a><\/li>\n<li><a href=\"https:\/\/linguagemprisma.br4.biz\/blog\/uncategorized\/banco-de-dados-sqlite3-em-prisma\/\">Banco de dados sqtlite3 em Prisma (31\/01\/2016)<\/a><\/li>\n<li><a title=\"Estoque de imagens\" href=\"https:\/\/linguagemprisma.br4.biz\/blog\/estoque-de-imagens\/\">Estoque de imagens<\/a><\/li>\n<li><a title=\"cores em ig prisma\" href=\"https:\/\/linguagemprisma.br4.biz\/blog\/cores-em-ig-prisma\/\">Cores em ig prisma<\/a><\/li>\n<\/ul>\n<h1>Manuais:<\/h1>\n<ul>\n<li><a title=\"Manual b\u00e1sico\" href=\"https:\/\/linguagemprisma.br4.biz\/blog\/manual-basico\/\" target=\"_blank\">\u00a0Manual b\u00e1sico (\u00faltima atualiza\u00e7\u00e3o: 31\/05\/2015)<\/a><\/li>\n<li><a title=\"Manual-basico-pdf\" href=\"http:\/\/linguagemprisma.br4.biz\/prisma_download\/manual_basico_prisma_1.0.pdf\" target=\"_blank\">Manual b\u00e1sico &#8211; 31\/05\/2015 \u00a0pdf<\/a><\/li>\n<li><a title=\"manual b\u00e1sico\" href=\"http:\/\/linguagemprisma.br4.biz\/manual-basico\/\" target=\"_blank\"> Manual b\u00e1sico com \u00edndice lateral <\/a><a title=\"manual b\u00e1sico\" href=\"http:\/\/linguagemprisma.br4.biz\/manual-basico\/\" target=\"_blank\"> (\u00faltima atualiza\u00e7\u00e3o: 27\/05\/2015)\u00a0<\/a><\/li>\n<\/ul>\n","protected":false},"excerpt":{"rendered":"<p>&nbsp; Tutoriais: Primeiros passos Explica\u00e7\u00e3o sobre as extens\u00f5es prisma. P\u00e1gina de posts &#8211; exemplos postados com explica\u00e7\u00f5es Especial biblioteca win\u00a0 (algumas fun\u00e7\u00f5es do windows.h &#8211;\u00a0 \u00faltima atualiza\u00e7\u00e3o: 14-10-2015 ) Tutorial de interface gr\u00e1fica igbr (04-05-2015) Tutorial web cgi Prisma (12\/01\/2016) Como instalar o servidor Xampp em m\u00e1quina local. (08\/01\/2016) Banco de dados sqtlite3 em Prisma&#8230;<\/p>\n","protected":false},"author":1,"featured_media":0,"parent":0,"menu_order":0,"comment_status":"open","ping_status":"open","template":"","meta":{"footnotes":""},"class_list":["post-22","page","type-page","status-publish","hentry"],"_links":{"self":[{"href":"https:\/\/linguagemprisma.br4.biz\/blog\/wp-json\/wp\/v2\/pages\/22","targetHints":{"allow":["GET"]}}],"collection":[{"href":"https:\/\/linguagemprisma.br4.biz\/blog\/wp-json\/wp\/v2\/pages"}],"about":[{"href":"https:\/\/linguagemprisma.br4.biz\/blog\/wp-json\/wp\/v2\/types\/page"}],"author":[{"embeddable":true,"href":"https:\/\/linguagemprisma.br4.biz\/blog\/wp-json\/wp\/v2\/users\/1"}],"replies":[{"embeddable":true,"href":"https:\/\/linguagemprisma.br4.biz\/blog\/wp-json\/wp\/v2\/comments?post=22"}],"version-history":[{"count":18,"href":"https:\/\/linguagemprisma.br4.biz\/blog\/wp-json\/wp\/v2\/pages\/22\/revisions"}],"predecessor-version":[{"id":2434,"href":"https:\/\/linguagemprisma.br4.biz\/blog\/wp-json\/wp\/v2\/pages\/22\/revisions\/2434"}],"wp:attachment":[{"href":"https:\/\/linguagemprisma.br4.biz\/blog\/wp-json\/wp\/v2\/media?parent=22"}],"curies":[{"name":"wp","href":"https:\/\/api.w.org\/{rel}","templated":true}]}}