{"id":24,"date":"2014-12-13T01:04:07","date_gmt":"2014-12-13T01:04:07","guid":{"rendered":"http:\/\/linguagemprisma.wordpress.com\/?page_id=24"},"modified":"2017-08-14T14:19:03","modified_gmt":"2017-08-14T18:19:03","slug":"linguagemprisma-netdownload","status":"publish","type":"page","link":"https:\/\/linguagemprisma.br4.biz\/blog\/linguagemprisma-netdownload\/","title":{"rendered":"Baixar Prisma"},"content":{"rendered":"<p><strong>\u00a0 \u00a0 \u00a0Baixe! Prisma \u00e9 gratuita. \u00a0 \u00a0 \u00a0 \u00a0 <\/strong><\/p>\n<ul>\n<li><strong><a href=\"https:\/\/linguagemprisma.br4.biz\/blog\/download-para-ubuntu-e-ou-baseados-em-debian\/\">Clique aqui para baixar Prisma vers\u00e3o Linux!<\/a><\/strong><strong>\u00a0 \u00a0 \u00a0 \u00a0 \u00a0<\/strong><\/li>\n<li><strong style=\"font-size: 15px; line-height: 1.5;\"><a href=\"https:\/\/linguagemprisma.br4.biz\/blog\/editor-geany-portable\/\">Baixe o editor Geany aqui para Windows.<\/a><br \/>\n<\/strong><\/li>\n<\/ul>\n<hr \/>\n<p>Ambiente de Desenvolvimento e execu\u00e7\u00e3o Prisma:<\/p>\n<ul>\n<li><a href=\"http:\/\/www.mediafire.com\/file\/q1bgrvv65vbwxha\/Prisma_instal_win_XP-1.0.100.7z\">10\/03\/2017 &#8211; Prisma_win_XP-1.0.100.7z (~21MB); Para Windows XP<\/a><\/li>\n<li><a href=\"http:\/\/www.mediafire.com\/file\/195bzcd5doolrqr\/Prisma_instal_win-1.0.100.7z\">10\/03\/2017 &#8211; Prisma-1.0.100.7z tudo em um (~21MB)<\/a><\/li>\n<li style=\"text-align: left;\"><a href=\"http:\/\/www.mediafire.com\/file\/iye8g73v4kocoxz\/Prisma_instal_win-1.0.99.7z\" target=\"_blank\">03\/03\/2017 &#8211; Prisma_win-1.0.99 .7z baixar (~21MB)<br \/>\n<\/a><\/li>\n<li style=\"text-align: left;\"><a title=\"baixar prisma\" href=\"http:\/\/www.mediafire.com\/download\/fmcm5plo9s2vmuy\/Prisma_tudo_em_um.7z\" target=\"_blank\">12-10-2015 Prisma-1.0.94.7z (~16.8MB)<\/a><\/li>\n<\/ul>\n<hr \/>\n<p>Baixe a atualiza\u00e7\u00e3o de Prisma, indicado para quem j\u00e1 baixou Prisma completo e agora quer apenas atualizar:<\/p>\n<ul>\n<li><a href=\"http:\/\/www.mediafire.com\/file\/i66xpnxfiurh3wk\/bin-1.0.100.7z\">10\/03\/2017 &#8211; bin-1.0.100 Atualiza\u00e7\u00e3o Prisma Windows<\/a><\/li>\n<li><a href=\"http:\/\/www.mediafire.com\/file\/qdtfwpv3h8gh163\/bin-1.0.99.7z\" target=\"_blank\">03\/03\/2017 &#8211; bin-1.0.99\u00a0 Atualiza\u00e7\u00e3o Prisma Windows (6MB);<\/a><\/li>\n<li><a title=\"pasta bin\" href=\"http:\/\/www.mediafire.com\/download\/f401zekhne0w4ne\/Prisma_install.7z\" target=\"_blank\">Prisma para Windows atualiza\u00e7\u00e3o 12\/10-2015\u00a0 (~4MB)<\/a><\/li>\n<\/ul>\n<p><em>Instru\u00e7\u00f5es: descompacte a pasta bin contendo os execut\u00e1veis e copie para C:\\Prisma\\1.0\\\u00a0 substituindo os arquivos iguais.<\/em><\/p>\n<p>Obter fontes:\u00a0<a href=\"https:\/\/linguagemprisma.br4.biz\/blog\/codigo-fonte\/\">https:\/\/linguagemprisma.br4.biz\/blog\/codigo-fonte\/<\/a><\/p>\n<p>Para compilar baixe o<a href=\"http:\/\/sourceforge.net\/projects\/mingw-w64\/\" target=\"_blank\"> Mingw aqui.<\/a> Extraia no disco C:\\ com o nome de MinGW. Ap\u00f3s isso, v\u00e1 para a\u00a0pasta prisma j\u00e1 extra\u00edda e execute o arquivo compila.bat (abra com o bloco de notas caso n\u00e3o confie, leia e se concordar execute) ele chama o gcc na pasta MinGW e compila prisma.exe, prismac.exe e igprisma.exe.<\/p>\n<hr \/>\n<p><span style=\"color: #800000;\"><strong>A partir da vers\u00e3o Prisma-1.0.100 essas dlls j\u00e1 s\u00e3o inclusas no instalador.<\/strong><\/span><\/p>\n<p>Dlls do gtk+-2.4 e gtksourceview-2, indicado para quem precisa desenvolver programas gr\u00e1ficos com a biblioteca ig. prisma.<\/p>\n<p><a title=\"gtk_folder\" href=\"http:\/\/www.mediafire.com\/download\/dd53cbpotrb6dt6\/gtk_dlls_prisma_install.7z\" target=\"_blank\">gtk-2.4 (inclu\u00eddo gtksourceview) em 7z (13MB) 12\/10\/2015<\/a><\/p>\n<p><a title=\"gtk_folder\" href=\"http:\/\/www.mediafire.com\/download\/dd53cbpotrb6dt6\/gtk_dlls_prisma_install.7z\" target=\"_blank\"> \u00a0<\/a><a href=\"http:\/\/www.mediafire.com\/download\/dd53cbpotrb6dt6\/gtk_dlls_prisma_install.7z\" target=\"_blank\"><strong><img loading=\"lazy\" decoding=\"async\" class=\"size-full wp-image-42 aligncenter\" src=\"https:\/\/linguagemprismablog.files.wordpress.com\/2015\/12\/download-buttons04.png\" alt=\"download-buttons04\" width=\"158\" height=\"45\" \/><\/strong><\/a><\/p>\n<hr \/>\n<p>&nbsp;<\/p>\n<p>&nbsp;<\/p>\n<p>&nbsp;<\/p>\n","protected":false},"excerpt":{"rendered":"<p>\u00a0 \u00a0 \u00a0Baixe! Prisma \u00e9 gratuita. \u00a0 \u00a0 \u00a0 \u00a0 Clique aqui para baixar Prisma vers\u00e3o Linux!\u00a0 \u00a0 \u00a0 \u00a0 \u00a0 Baixe o editor Geany aqui para Windows. Ambiente de Desenvolvimento e execu\u00e7\u00e3o Prisma: 10\/03\/2017 &#8211; Prisma_win_XP-1.0.100.7z (~21MB); Para Windows XP 10\/03\/2017 &#8211; Prisma-1.0.100.7z tudo em um (~21MB) 03\/03\/2017 &#8211; Prisma_win-1.0.99 .7z baixar (~21MB) 12-10-2015&#8230;<\/p>\n","protected":false},"author":1,"featured_media":0,"parent":0,"menu_order":0,"comment_status":"open","ping_status":"open","template":"tpl-full-width.php","meta":{"footnotes":""},"class_list":["post-24","page","type-page","status-publish","hentry"],"_links":{"self":[{"href":"https:\/\/linguagemprisma.br4.biz\/blog\/wp-json\/wp\/v2\/pages\/24","targetHints":{"allow":["GET"]}}],"collection":[{"href":"https:\/\/linguagemprisma.br4.biz\/blog\/wp-json\/wp\/v2\/pages"}],"about":[{"href":"https:\/\/linguagemprisma.br4.biz\/blog\/wp-json\/wp\/v2\/types\/page"}],"author":[{"embeddable":true,"href":"https:\/\/linguagemprisma.br4.biz\/blog\/wp-json\/wp\/v2\/users\/1"}],"replies":[{"embeddable":true,"href":"https:\/\/linguagemprisma.br4.biz\/blog\/wp-json\/wp\/v2\/comments?post=24"}],"version-history":[{"count":81,"href":"https:\/\/linguagemprisma.br4.biz\/blog\/wp-json\/wp\/v2\/pages\/24\/revisions"}],"predecessor-version":[{"id":3137,"href":"https:\/\/linguagemprisma.br4.biz\/blog\/wp-json\/wp\/v2\/pages\/24\/revisions\/3137"}],"wp:attachment":[{"href":"https:\/\/linguagemprisma.br4.biz\/blog\/wp-json\/wp\/v2\/media?parent=24"}],"curies":[{"name":"wp","href":"https:\/\/api.w.org\/{rel}","templated":true}]}}