{"id":2621,"date":"2017-02-21T21:22:56","date_gmt":"2017-02-22T01:22:56","guid":{"rendered":"http:\/\/linguagemprisma.br4.biz\/blog\/?page_id=2621"},"modified":"2017-02-21T22:43:30","modified_gmt":"2017-02-22T02:43:30","slug":"instalando-xampp-no-windows","status":"publish","type":"page","link":"https:\/\/linguagemprisma.br4.biz\/blog\/instalando-xampp-no-windows\/","title":{"rendered":"Instalando Xampp no Windows"},"content":{"rendered":"<p>&nbsp;<\/p>\n<p>Antes de mais nada baixe o Xampp no link abaixo:<\/p>\n<p><a href=\"https:\/\/www.apachefriends.org\/pt_br\/download.html\" target=\"_blank\">https:\/\/www.apachefriends.org\/pt_br\/download.html<\/a><\/p>\n<p>Escolha a vers\u00e3o que preferir:<\/p>\n<p><img loading=\"lazy\" decoding=\"async\" class=\"alignnone wp-image-2622 size-full\" src=\"https:\/\/linguagemprisma.br4.biz\/blog\/wp-content\/uploads\/2017\/02\/Xampp-dowload.png\" alt=\"Xampp-dowload\" width=\"936\" height=\"384\" srcset=\"https:\/\/linguagemprisma.br4.biz\/blog\/wp-content\/uploads\/2017\/02\/Xampp-dowload.png 936w, https:\/\/linguagemprisma.br4.biz\/blog\/wp-content\/uploads\/2017\/02\/Xampp-dowload-300x123.png 300w\" sizes=\"auto, (max-width: 936px) 100vw, 936px\" \/><\/p>\n<p>Se quiser outras vers\u00f5es, clique em <a href=\"http:\/\/sourceforge.net\/projects\/xampp\/files\/\" target=\"_blank\">&lt;&lt;Mais Downloads&gt;&gt;<\/a><\/p>\n<hr \/>\n<p>&nbsp;<\/p>\n<p>Ap\u00f3s baixar, execute o instalador. Talvez aparecer\u00e1 uma mensagem referente ao antiv\u00edrus que poder\u00e1 interferir ou tornar a processo de instala\u00e7\u00e3o lento. Basta desativ\u00e1-lo durante a instala\u00e7\u00e3o, e clique em Yes.<\/p>\n<p>&nbsp;<\/p>\n<p><img loading=\"lazy\" decoding=\"async\" class=\"alignnone wp-image-2625 size-full\" src=\"https:\/\/linguagemprisma.br4.biz\/blog\/wp-content\/uploads\/2017\/02\/xampp0.png\" alt=\"xampp0\" width=\"508\" height=\"201\" srcset=\"https:\/\/linguagemprisma.br4.biz\/blog\/wp-content\/uploads\/2017\/02\/xampp0.png 508w, https:\/\/linguagemprisma.br4.biz\/blog\/wp-content\/uploads\/2017\/02\/xampp0-300x119.png 300w\" sizes=\"auto, (max-width: 508px) 100vw, 508px\" \/><\/p>\n<hr \/>\n<p>&nbsp;<\/p>\n<p>A mensagem abaixo \u00e9 devido ao UAC do Windows7 ou superior que restringe algumas fun\u00e7\u00f5es do Xampp possivelmente. Apenas n\u00e3o mude a instala\u00e7\u00e3o para a pasta Arquivo de Programas pois ela exigir\u00e1 privil\u00e9gios no UAC.<\/p>\n<p>Clique em OK.<\/p>\n<p><img loading=\"lazy\" decoding=\"async\" class=\"alignnone wp-image-2626 size-full\" src=\"https:\/\/linguagemprisma.br4.biz\/blog\/wp-content\/uploads\/2017\/02\/xampp1.png\" alt=\"xampp1\" width=\"514\" height=\"158\" srcset=\"https:\/\/linguagemprisma.br4.biz\/blog\/wp-content\/uploads\/2017\/02\/xampp1.png 514w, https:\/\/linguagemprisma.br4.biz\/blog\/wp-content\/uploads\/2017\/02\/xampp1-300x92.png 300w\" sizes=\"auto, (max-width: 514px) 100vw, 514px\" \/><\/p>\n<hr \/>\n<p>&nbsp;<\/p>\n<p>Enfim, apareceu a janela do setup. Clique em Next.<\/p>\n<p><img loading=\"lazy\" decoding=\"async\" class=\"alignnone wp-image-2627 size-full\" src=\"https:\/\/linguagemprisma.br4.biz\/blog\/wp-content\/uploads\/2017\/02\/xampp2.png\" alt=\"xampp2\" width=\"522\" height=\"432\" srcset=\"https:\/\/linguagemprisma.br4.biz\/blog\/wp-content\/uploads\/2017\/02\/xampp2.png 522w, https:\/\/linguagemprisma.br4.biz\/blog\/wp-content\/uploads\/2017\/02\/xampp2-300x248.png 300w\" sizes=\"auto, (max-width: 522px) 100vw, 522px\" \/><\/p>\n<hr \/>\n<p>&nbsp;<\/p>\n<p>Na janela seguinte tudo deve estar selecionado para uma instala\u00e7\u00e3o completa conforme imagem abaixo.<\/p>\n<p>Clique em Next.<\/p>\n<p><img loading=\"lazy\" decoding=\"async\" class=\"alignnone wp-image-2628 size-full\" src=\"https:\/\/linguagemprisma.br4.biz\/blog\/wp-content\/uploads\/2017\/02\/xampp3.png\" alt=\"xampp3\" width=\"524\" height=\"435\" srcset=\"https:\/\/linguagemprisma.br4.biz\/blog\/wp-content\/uploads\/2017\/02\/xampp3.png 524w, https:\/\/linguagemprisma.br4.biz\/blog\/wp-content\/uploads\/2017\/02\/xampp3-300x249.png 300w\" sizes=\"auto, (max-width: 524px) 100vw, 524px\" \/><\/p>\n<hr \/>\n<p>A seguir \u00e9 a pasta de instala\u00e7\u00e3o, melhor n\u00e3o modificar. Apenas clique em Next.<\/p>\n<p><img loading=\"lazy\" decoding=\"async\" class=\"alignnone wp-image-2629 size-full\" src=\"https:\/\/linguagemprisma.br4.biz\/blog\/wp-content\/uploads\/2017\/02\/xampp4.png\" alt=\"xampp4\" width=\"518\" height=\"433\" srcset=\"https:\/\/linguagemprisma.br4.biz\/blog\/wp-content\/uploads\/2017\/02\/xampp4.png 518w, https:\/\/linguagemprisma.br4.biz\/blog\/wp-content\/uploads\/2017\/02\/xampp4-300x251.png 300w\" sizes=\"auto, (max-width: 518px) 100vw, 518px\" \/><\/p>\n<hr \/>\n<p>&nbsp;<\/p>\n<p>Na pr\u00f3xima janela, desmarque a op\u00e7\u00e3o Learn more&#8230; se n\u00e3o preferir instalar o Bitnami. Clique em Next.<\/p>\n<p><img loading=\"lazy\" decoding=\"async\" class=\"alignnone wp-image-2630 size-full\" src=\"https:\/\/linguagemprisma.br4.biz\/blog\/wp-content\/uploads\/2017\/02\/xampp5.png\" alt=\"xampp5\" width=\"518\" height=\"431\" srcset=\"https:\/\/linguagemprisma.br4.biz\/blog\/wp-content\/uploads\/2017\/02\/xampp5.png 518w, https:\/\/linguagemprisma.br4.biz\/blog\/wp-content\/uploads\/2017\/02\/xampp5-300x250.png 300w\" sizes=\"auto, (max-width: 518px) 100vw, 518px\" \/><\/p>\n<hr \/>\n<p>&nbsp;<\/p>\n<p>Preparado para instalar? Clique em Next.<\/p>\n<p><img loading=\"lazy\" decoding=\"async\" class=\"alignnone wp-image-2631 size-full\" src=\"https:\/\/linguagemprisma.br4.biz\/blog\/wp-content\/uploads\/2017\/02\/xampp6.png\" alt=\"xampp6\" width=\"516\" height=\"432\" srcset=\"https:\/\/linguagemprisma.br4.biz\/blog\/wp-content\/uploads\/2017\/02\/xampp6.png 516w, https:\/\/linguagemprisma.br4.biz\/blog\/wp-content\/uploads\/2017\/02\/xampp6-300x251.png 300w\" sizes=\"auto, (max-width: 516px) 100vw, 516px\" \/><\/p>\n<hr \/>\n<p>&nbsp;<\/p>\n<p>A instala\u00e7\u00e3o ir\u00e1 iniciar, aguarde o processo como nas imagens abaixo:<\/p>\n<p><img loading=\"lazy\" decoding=\"async\" class=\"alignnone size-medium wp-image-2632\" src=\"https:\/\/linguagemprisma.br4.biz\/blog\/wp-content\/uploads\/2017\/02\/xampp7-300x250.png\" alt=\"xampp7\" width=\"300\" height=\"250\" srcset=\"https:\/\/linguagemprisma.br4.biz\/blog\/wp-content\/uploads\/2017\/02\/xampp7-300x250.png 300w, https:\/\/linguagemprisma.br4.biz\/blog\/wp-content\/uploads\/2017\/02\/xampp7.png 517w\" sizes=\"auto, (max-width: 300px) 100vw, 300px\" \/> <img loading=\"lazy\" decoding=\"async\" class=\"alignnone size-medium wp-image-2633\" src=\"https:\/\/linguagemprisma.br4.biz\/blog\/wp-content\/uploads\/2017\/02\/xampp9-300x250.png\" alt=\"xampp9\" width=\"300\" height=\"250\" srcset=\"https:\/\/linguagemprisma.br4.biz\/blog\/wp-content\/uploads\/2017\/02\/xampp9-300x250.png 300w, https:\/\/linguagemprisma.br4.biz\/blog\/wp-content\/uploads\/2017\/02\/xampp9.png 516w\" sizes=\"auto, (max-width: 300px) 100vw, 300px\" \/><\/p>\n<hr \/>\n<p>&nbsp;<\/p>\n<p>Terminado o processo de instala\u00e7\u00e3o, aparecer\u00e1 a janela abaixo.<\/p>\n<p>Deixe marcada a op\u00e7\u00e3o (Do you want to start) para iniciar o painel de controle do Xampp. Clique em Finish.<\/p>\n<p>&nbsp;<\/p>\n<p><img loading=\"lazy\" decoding=\"async\" class=\"alignnone wp-image-2634 size-full\" src=\"https:\/\/linguagemprisma.br4.biz\/blog\/wp-content\/uploads\/2017\/02\/xampp10.png\" alt=\"xampp10\" width=\"518\" height=\"431\" srcset=\"https:\/\/linguagemprisma.br4.biz\/blog\/wp-content\/uploads\/2017\/02\/xampp10.png 518w, https:\/\/linguagemprisma.br4.biz\/blog\/wp-content\/uploads\/2017\/02\/xampp10-300x250.png 300w\" sizes=\"auto, (max-width: 518px) 100vw, 518px\" \/><\/p>\n<hr \/>\n<p>&nbsp;<\/p>\n<p>Ap\u00f3s isso, surgir\u00e1 a tela de idioma, clique na op\u00e7\u00e3o da bandeira americana, ou na outra se voc\u00ea souber alem\u00e3o:<\/p>\n<p><img loading=\"lazy\" decoding=\"async\" class=\"alignnone size-medium wp-image-2635\" src=\"https:\/\/linguagemprisma.br4.biz\/blog\/wp-content\/uploads\/2017\/02\/xampp11.png\" alt=\"xampp11\" width=\"231\" height=\"167\" \/><\/p>\n<hr \/>\n<p>&nbsp;<\/p>\n<p>Ok, apareceu a janela de controle do Xampp, veja que os bot\u00f5es &#8216;start&#8217; s\u00e3o para iniciar aquilo que est\u00e1 a esquerda deles, exemplo, para iniciar o servidor web clique no start que estiver em frente ao r\u00f3tulo Apache. Ou MySQL etc.<\/p>\n<p><img loading=\"lazy\" decoding=\"async\" class=\"alignnone wp-image-2636 size-full\" src=\"https:\/\/linguagemprisma.br4.biz\/blog\/wp-content\/uploads\/2017\/02\/xampp12.png\" alt=\"xampp12\" width=\"684\" height=\"439\" srcset=\"https:\/\/linguagemprisma.br4.biz\/blog\/wp-content\/uploads\/2017\/02\/xampp12.png 684w, https:\/\/linguagemprisma.br4.biz\/blog\/wp-content\/uploads\/2017\/02\/xampp12-300x193.png 300w\" sizes=\"auto, (max-width: 684px) 100vw, 684px\" \/><\/p>\n<p>Clique no bot\u00e3o [config], aquele l\u00e1 em cima no canto direito da janela, com um \u00edcone de chave de boca.<\/p>\n<p>Aparecer\u00e1 a janela de configura\u00e7\u00f5es gerais, tais como: iniciar automaticamente (Autostart&#8230;), editor para abrir arquivos de configura\u00e7\u00e3o (notepad.exe), Mudar a linguagem (ingl\u00eas\/alem\u00e3o),<\/p>\n<p>Al\u00e9m de logs e outros servi\u00e7os. Veja a imagem abaixo.<\/p>\n<p><img loading=\"lazy\" decoding=\"async\" class=\"alignnone wp-image-2637 size-full\" src=\"https:\/\/linguagemprisma.br4.biz\/blog\/wp-content\/uploads\/2017\/02\/xampp13.png\" alt=\"xampp13\" width=\"371\" height=\"453\" srcset=\"https:\/\/linguagemprisma.br4.biz\/blog\/wp-content\/uploads\/2017\/02\/xampp13.png 371w, https:\/\/linguagemprisma.br4.biz\/blog\/wp-content\/uploads\/2017\/02\/xampp13-246x300.png 246w\" sizes=\"auto, (max-width: 371px) 100vw, 371px\" \/><\/p>\n<p>Depois de tudo isso, clique inicie o servidor Xampp clicando nos bot\u00f5es de start. (ser quiser s\u00f3 o Apache e MySQL);<\/p>\n<hr \/>\n<p>&nbsp;<\/p>\n<h3>Testando a instala\u00e7\u00e3o<\/h3>\n<p>Abra o navegador web e acesse endere\u00e7o: <a href=\"http:\/\/127.0.0.1\" target=\"_blank\">http:\/\/127.0.0.1<\/a><\/p>\n<p>Se tudo deu certo dever\u00e1 aparecer a seguinte p\u00e1gina:<\/p>\n<p><img loading=\"lazy\" decoding=\"async\" class=\"alignnone wp-image-2640 size-full\" src=\"https:\/\/linguagemprisma.br4.biz\/blog\/wp-content\/uploads\/2017\/02\/xampp-host.png\" alt=\"xampp-host\" width=\"1011\" height=\"469\" srcset=\"https:\/\/linguagemprisma.br4.biz\/blog\/wp-content\/uploads\/2017\/02\/xampp-host.png 1011w, https:\/\/linguagemprisma.br4.biz\/blog\/wp-content\/uploads\/2017\/02\/xampp-host-300x139.png 300w\" sizes=\"auto, (max-width: 1011px) 100vw, 1011px\" \/><\/p>\n<p>Experimente colocar um arquivo html na pasta C:\\Xampp\\htdocs\\<\/p>\n<p>use este aqui:<\/p>\n<pre class=\"lang:xhtml decode:true \">&lt;html&gt;\r\n   &lt;head&gt;\r\n      &lt;title&gt;Titulo aqui&lt;\/title&gt;\r\n   &lt;\/head&gt;\r\n   &lt;body bgcolor='gray'&gt;\r\n      Minha p\u00e1gina HTML\r\n   &lt;\/body&gt;\r\n&lt;\/html&gt;<\/pre>\n<p>Salve como teste.html, depois acesse digitando na barra de endere\u00e7os do navegador: <a href=\"http:\/\/127.0.0.1\/teste.html\" target=\"_blank\">http:\/\/127.0.0.1\/teste.html<\/a><\/p>\n<p>Obs. 127.0.0.1 \u00e9 um endere\u00e7o ip padr\u00e3o que aponta para seu pr\u00f3prio computador ligado, o mesmo que http:\/\/localhost\/.<\/p>\n<p>Se for acessar de outro computador na mesma rede (Conectado no mesmo roteador) basta digitar o ip do computador onde foi instalado o Xampp.<\/p>\n<hr \/>\n<p>&nbsp;<\/p>\n<h3>Gerenciador de banco de dados<\/h3>\n<p>Para acessar o PhpMyAdmin (gerenciador de banco de dados MySQL) clique em phpMyAdmin que se encontra no canto superior direito. ( <a href=\"http:\/\/127.0.0.1\/phpmyadmin\/\" target=\"_blank\">http:\/\/127.0.0.1\/phpmyadmin\/<\/a> )<\/p>\n<p>O phpMyAdmin abrir\u00e1 e ser\u00e1 poss\u00edvel criar, manipular banco de dados nele. Clique na imagem abaixo:<\/p>\n<p><a href=\"https:\/\/linguagemprisma.br4.biz\/blog\/wp-content\/uploads\/2017\/02\/phpMyAdmin.png\" target=\"_blank\"><img loading=\"lazy\" decoding=\"async\" class=\"alignnone wp-image-2644 \" src=\"https:\/\/linguagemprisma.br4.biz\/blog\/wp-content\/uploads\/2017\/02\/phpMyAdmin-300x218.png\" alt=\"phpMyAdmin\" width=\"294\" height=\"214\" srcset=\"https:\/\/linguagemprisma.br4.biz\/blog\/wp-content\/uploads\/2017\/02\/phpMyAdmin-300x218.png 300w, https:\/\/linguagemprisma.br4.biz\/blog\/wp-content\/uploads\/2017\/02\/phpMyAdmin.png 1023w\" sizes=\"auto, (max-width: 294px) 100vw, 294px\" \/><\/a><\/p>\n<p>Dica: o instalador n\u00e3o faz atalho, se voc\u00ea quiser pode fazer o atalho do painel de controle, que fica em C:\\xampp\\xampp-control.exe, para a \u00e1rea de trabalho.<\/p>\n<p>Qualquer d\u00favida poste no f\u00f3rum:<\/p>\n<p><a href=\"http:\/\/linguagemprisma.br4.biz\/prisma_forum\/\" target=\"_blank\">http:\/\/linguagemprisma.br4.biz\/prisma_forum\/<\/a><\/p>\n<p>Bem, por enquanto \u00e9 isso. At\u00e9 mais.<\/p>\n<p>Att. Adalberto<\/p>\n<p>&nbsp;<\/p>\n<p>&nbsp;<\/p>\n<p>&nbsp;<\/p>\n","protected":false},"excerpt":{"rendered":"<p>&nbsp; Antes de mais nada baixe o Xampp no link abaixo: https:\/\/www.apachefriends.org\/pt_br\/download.html Escolha a vers\u00e3o que preferir: Se quiser outras vers\u00f5es, clique em &lt;&lt;Mais Downloads&gt;&gt; &nbsp; Ap\u00f3s baixar, execute o instalador. Talvez aparecer\u00e1 uma mensagem referente ao antiv\u00edrus que poder\u00e1 interferir ou tornar a processo de instala\u00e7\u00e3o lento. Basta desativ\u00e1-lo durante a instala\u00e7\u00e3o, e clique&#8230;<\/p>\n","protected":false},"author":1,"featured_media":0,"parent":0,"menu_order":0,"comment_status":"closed","ping_status":"closed","template":"tpl-full-width.php","meta":{"footnotes":""},"class_list":["post-2621","page","type-page","status-publish","hentry"],"_links":{"self":[{"href":"https:\/\/linguagemprisma.br4.biz\/blog\/wp-json\/wp\/v2\/pages\/2621","targetHints":{"allow":["GET"]}}],"collection":[{"href":"https:\/\/linguagemprisma.br4.biz\/blog\/wp-json\/wp\/v2\/pages"}],"about":[{"href":"https:\/\/linguagemprisma.br4.biz\/blog\/wp-json\/wp\/v2\/types\/page"}],"author":[{"embeddable":true,"href":"https:\/\/linguagemprisma.br4.biz\/blog\/wp-json\/wp\/v2\/users\/1"}],"replies":[{"embeddable":true,"href":"https:\/\/linguagemprisma.br4.biz\/blog\/wp-json\/wp\/v2\/comments?post=2621"}],"version-history":[{"count":12,"href":"https:\/\/linguagemprisma.br4.biz\/blog\/wp-json\/wp\/v2\/pages\/2621\/revisions"}],"predecessor-version":[{"id":2650,"href":"https:\/\/linguagemprisma.br4.biz\/blog\/wp-json\/wp\/v2\/pages\/2621\/revisions\/2650"}],"wp:attachment":[{"href":"https:\/\/linguagemprisma.br4.biz\/blog\/wp-json\/wp\/v2\/media?parent=2621"}],"curies":[{"name":"wp","href":"https:\/\/api.w.org\/{rel}","templated":true}]}}