{"id":2652,"date":"2017-02-21T23:33:33","date_gmt":"2017-02-22T03:33:33","guid":{"rendered":"http:\/\/linguagemprisma.br4.biz\/blog\/?page_id=2652"},"modified":"2017-02-21T23:44:12","modified_gmt":"2017-02-22T03:44:12","slug":"configurando-mysql-xampp-em-windows","status":"publish","type":"page","link":"https:\/\/linguagemprisma.br4.biz\/blog\/configurando-mysql-xampp-em-windows\/","title":{"rendered":"Configurando MySQL (Xampp) em Windows"},"content":{"rendered":"<h3>Definindo senha do mysql<\/h3>\n<p>&nbsp;<\/p>\n<p>Abra o painel de controle do Xampp clicando em:<\/p>\n<p><strong>C:\\xampp\\xampp-control.exe<\/strong><\/p>\n<p><img loading=\"lazy\" decoding=\"async\" class=\"alignnone wp-image-2636 size-full\" src=\"https:\/\/linguagemprisma.br4.biz\/blog\/wp-content\/uploads\/2017\/02\/xampp12.png\" alt=\"xampp12\" width=\"684\" height=\"439\" srcset=\"https:\/\/linguagemprisma.br4.biz\/blog\/wp-content\/uploads\/2017\/02\/xampp12.png 684w, https:\/\/linguagemprisma.br4.biz\/blog\/wp-content\/uploads\/2017\/02\/xampp12-300x193.png 300w\" sizes=\"auto, (max-width: 684px) 100vw, 684px\" \/><\/p>\n<p>Clique em <strong>start<\/strong> para <strong>Apache e MySQL<\/strong>, assim o servidor web e o MySQL ser\u00e3o iniciados.<\/p>\n<p>Depois clique em <strong>Shell<\/strong> (bot\u00e3o \u00e0 direita do painel Xampp)<\/p>\n<p>Feito isso, uma janela preta de comandos ir\u00e1 aparecer, voc\u00ea precisar\u00e1 digitar os comandos abaixo dentro dela:<\/p>\n<h4>Para colocar uma senha pela primeira vez:<\/h4>\n<pre class=\"lang:prisma decode:true \">mysqladmin --user=root password \"sua-senha-aqui\"<\/pre>\n<h4>Mudar de senha:<\/h4>\n<pre class=\"lang:prisma decode:true\">mysqladmin --user=root --password=\"senha-atual-aqui\" password \"nova-senha-aqui\"<\/pre>\n<p><span style=\"color: #800000;\"><strong>Obs. n\u00e3o deixe espa\u00e7os antes nem depois do sinal de igual.<\/strong><\/span><\/p>\n<p><em>Essa \u00e9 a senha que ser\u00e1 usada para conectar seus programas Prisma ao MySQL.<\/em><\/p>\n<h4>Senha para abrir o phpMyAdmin via navegador<\/h4>\n<p>Para continuar a ter acesso ao MySQL pelo phpMyAdmin no navegador, siga os passos abaixo:<\/p>\n<p><strong><em>A senha deve ser igual a senha do mysql!<\/em><\/strong><\/p>\n<p>Navegue at\u00e9 a pasta do phpMyAdmin e abra o seguinte arquivo:<\/p>\n<p><strong>C:\\xampp\\phpMyAdmin\\config.inc.php<\/strong><\/p>\n<p><em>Abra-o com qualquer editor texto (gedit, geany, notepad++ s\u00e3o os melhores);<\/em><\/p>\n<p><strong>Aproximadamente na linha 21, voc\u00ea ver\u00e1 o conte\u00fado abaixo:<\/strong><\/p>\n<pre class=\"lang:prisma decode:true\">$cfg['Servers'][$i]['password'] = '';<\/pre>\n<p>Digite dentro das aspas vazias a sua senha, ficando assim:<\/p>\n<pre class=\"lang:prisma decode:true \">$cfg['Servers'][$i]['password'] = 'sua-senha-aqui';<\/pre>\n<p>&nbsp;<\/p>\n<p style=\"text-align: center;\"><strong>FIM<\/strong><\/p>\n<p style=\"text-align: left;\">At\u00e9 mais, qualquer d\u00favida poste no f\u00f3rum oficial:<\/p>\n<p><a href=\"http:\/\/linguagemprisma.br4.biz\/prisma_forum\/index.php\" target=\"_blank\">http:\/\/linguagemprisma.br4.biz\/prisma_forum\/index.php<\/a><\/p>\n","protected":false},"excerpt":{"rendered":"<p>Definindo senha do mysql &nbsp; Abra o painel de controle do Xampp clicando em: C:\\xampp\\xampp-control.exe Clique em start para Apache e MySQL, assim o servidor web e o MySQL ser\u00e3o iniciados. Depois clique em Shell (bot\u00e3o \u00e0 direita do painel Xampp) Feito isso, uma janela preta de comandos ir\u00e1 aparecer, voc\u00ea precisar\u00e1 digitar os comandos&#8230;<\/p>\n","protected":false},"author":1,"featured_media":0,"parent":0,"menu_order":0,"comment_status":"closed","ping_status":"closed","template":"tpl-full-width.php","meta":{"footnotes":""},"class_list":["post-2652","page","type-page","status-publish","hentry"],"_links":{"self":[{"href":"https:\/\/linguagemprisma.br4.biz\/blog\/wp-json\/wp\/v2\/pages\/2652","targetHints":{"allow":["GET"]}}],"collection":[{"href":"https:\/\/linguagemprisma.br4.biz\/blog\/wp-json\/wp\/v2\/pages"}],"about":[{"href":"https:\/\/linguagemprisma.br4.biz\/blog\/wp-json\/wp\/v2\/types\/page"}],"author":[{"embeddable":true,"href":"https:\/\/linguagemprisma.br4.biz\/blog\/wp-json\/wp\/v2\/users\/1"}],"replies":[{"embeddable":true,"href":"https:\/\/linguagemprisma.br4.biz\/blog\/wp-json\/wp\/v2\/comments?post=2652"}],"version-history":[{"count":4,"href":"https:\/\/linguagemprisma.br4.biz\/blog\/wp-json\/wp\/v2\/pages\/2652\/revisions"}],"predecessor-version":[{"id":2657,"href":"https:\/\/linguagemprisma.br4.biz\/blog\/wp-json\/wp\/v2\/pages\/2652\/revisions\/2657"}],"wp:attachment":[{"href":"https:\/\/linguagemprisma.br4.biz\/blog\/wp-json\/wp\/v2\/media?parent=2652"}],"curies":[{"name":"wp","href":"https:\/\/api.w.org\/{rel}","templated":true}]}}