{"id":3131,"date":"2017-08-14T13:48:06","date_gmt":"2017-08-14T17:48:06","guid":{"rendered":"http:\/\/linguagemprisma.br4.biz\/blog\/?page_id=3131"},"modified":"2017-08-14T14:18:12","modified_gmt":"2017-08-14T18:18:12","slug":"codigo-fonte","status":"publish","type":"page","link":"https:\/\/linguagemprisma.br4.biz\/blog\/codigo-fonte\/","title":{"rendered":"C\u00f3digo Fonte"},"content":{"rendered":"<p>C\u00f3digo fonte Prisma, incluindo Lua, e o c\u00f3digo criado e\/ou acrescido por mim:<\/p>\n<ul>\n<li><a href=\"http:\/\/www.mediafire.com\/file\/y77oba2xfud9zhh\/source_prisma-1.0.104.7z\" target=\"_blank\">13-08-2017 Fontes Prisma-1.0.104<\/a><\/li>\n<li><a href=\"https:\/\/www.mediafire.com\/?1333ace8x7j8593\" target=\"_blank\">03\/07\/2017 fontes Prisma-1.0.102 (inclusas novas libs: lz4, pmd5, psha1,psha256 em C<\/a>)<\/li>\n<li><a href=\"http:\/\/www.mediafire.com\/file\/clj3mcgi7fc6619\/source_prisma-1.0.100.7z\">09-06-2017 Fontes Prisma-1.0.100 (com Libs);<\/a><\/li>\n<li><a href=\"http:\/\/www.mediafire.com\/file\/a0lv6ddv3qdf6zv\/source_prisma.7z\" target=\"_blank\">03-03-2017 Baixar fontes Prisma-1.0.99 (incluindo libs);<\/a><\/li>\n<\/ul>\n<p>Para compilar \u00e9 necess\u00e1rio alguns requisitos como compilador C (No Linux eu uso o gcc e no Windows uso o MinGW[gcc]) + os headers C para compila\u00e7\u00e3o das bibliotecas. Baixe e leia o arquivo leia-me.txt para compilar.<\/p>\n<p>&nbsp;<\/p>\n<p>&nbsp;<\/p>\n<p>&nbsp;<\/p>\n","protected":false},"excerpt":{"rendered":"<p>C\u00f3digo fonte Prisma, incluindo Lua, e o c\u00f3digo criado e\/ou acrescido por mim: 13-08-2017 Fontes Prisma-1.0.104 03\/07\/2017 fontes Prisma-1.0.102 (inclusas novas libs: lz4, pmd5, psha1,psha256 em C) 09-06-2017 Fontes Prisma-1.0.100 (com Libs); 03-03-2017 Baixar fontes Prisma-1.0.99 (incluindo libs); Para compilar \u00e9 necess\u00e1rio alguns requisitos como compilador C (No Linux eu uso o gcc e no&#8230;<\/p>\n","protected":false},"author":1,"featured_media":0,"parent":0,"menu_order":0,"comment_status":"closed","ping_status":"closed","template":"","meta":{"footnotes":""},"class_list":["post-3131","page","type-page","status-publish","hentry"],"_links":{"self":[{"href":"https:\/\/linguagemprisma.br4.biz\/blog\/wp-json\/wp\/v2\/pages\/3131","targetHints":{"allow":["GET"]}}],"collection":[{"href":"https:\/\/linguagemprisma.br4.biz\/blog\/wp-json\/wp\/v2\/pages"}],"about":[{"href":"https:\/\/linguagemprisma.br4.biz\/blog\/wp-json\/wp\/v2\/types\/page"}],"author":[{"embeddable":true,"href":"https:\/\/linguagemprisma.br4.biz\/blog\/wp-json\/wp\/v2\/users\/1"}],"replies":[{"embeddable":true,"href":"https:\/\/linguagemprisma.br4.biz\/blog\/wp-json\/wp\/v2\/comments?post=3131"}],"version-history":[{"count":4,"href":"https:\/\/linguagemprisma.br4.biz\/blog\/wp-json\/wp\/v2\/pages\/3131\/revisions"}],"predecessor-version":[{"id":3136,"href":"https:\/\/linguagemprisma.br4.biz\/blog\/wp-json\/wp\/v2\/pages\/3131\/revisions\/3136"}],"wp:attachment":[{"href":"https:\/\/linguagemprisma.br4.biz\/blog\/wp-json\/wp\/v2\/media?parent=3131"}],"curies":[{"name":"wp","href":"https:\/\/api.w.org\/{rel}","templated":true}]}}