{"id":676,"date":"2015-02-04T22:43:57","date_gmt":"2015-02-04T22:43:57","guid":{"rendered":"http:\/\/linguagemprisma.net\/?page_id=676"},"modified":"2017-08-14T14:19:23","modified_gmt":"2017-08-14T18:19:23","slug":"download-para-ubuntu-e-ou-baseados-em-debian","status":"publish","type":"page","link":"https:\/\/linguagemprisma.br4.biz\/blog\/download-para-ubuntu-e-ou-baseados-em-debian\/","title":{"rendered":"Download para Ubuntu e \/ou baseados em Debian"},"content":{"rendered":"<p style=\"text-align: left;\"><img loading=\"lazy\" decoding=\"async\" class=\"size-medium wp-image-1630 aligncenter\" src=\"https:\/\/linguagemprisma.br4.biz\/blog\/wp-content\/uploads\/2015\/02\/logo-ubuntu_st_no\u00ae-black_orange-hex-300x212.png\" alt=\"logo-ubuntu_st_no\u00ae-black_orange-hex\" width=\"300\" height=\"212\" srcset=\"https:\/\/linguagemprisma.br4.biz\/blog\/wp-content\/uploads\/2015\/02\/logo-ubuntu_st_no\u00ae-black_orange-hex-300x212.png 300w, https:\/\/linguagemprisma.br4.biz\/blog\/wp-content\/uploads\/2015\/02\/logo-ubuntu_st_no\u00ae-black_orange-hex-1024x724.png 1024w, https:\/\/linguagemprisma.br4.biz\/blog\/wp-content\/uploads\/2015\/02\/logo-ubuntu_st_no\u00ae-black_orange-hex.png 1191w\" sizes=\"auto, (max-width: 300px) 100vw, 300px\" \/><\/p>\n<p style=\"text-align: left;\">Necess\u00e1rio todo o gtk e suas depend\u00eancias instaladas. (o que geralmente j\u00e1 \u00e9 por padr\u00e3o no Ubuntu ou derivados, n\u00e3o testei em ambiente KDE );<\/p>\n<hr \/>\n<p style=\"text-align: left;\"><strong>Abaixo download formato compactado arquitetura 32bits com instalador pr\u00f3prio, descompacte e execute o setup-gui ou o setup.sh em terminal:<\/strong><\/p>\n<ul>\n<li style=\"text-align: left;\"><span style=\"color: #0000ff;\"><strong><a style=\"color: #0000ff;\" href=\"http:\/\/www.mediafire.com\/file\/2jcn9311yiteqga\/Prisma_instal_linux-1.0.100.7z\" target=\"_blank\">09\/03\/2017 Prisma-1.0.100.7z (~3MB)<\/a><\/strong><\/span><\/li>\n<li><span style=\"color: #0000ff;\"><strong><a style=\"color: #0000ff;\" title=\"Prisma_linux.7z\" href=\"http:\/\/www.mediafire.com\/file\/lka93a424k52laa\/Prisma_instal_linux-1.0.99.7z\" target=\"_blank\">03\/03\/2017 Baixar: prisma-1.0.99.7z (inclu\u00eddo Prismacod)\u00a0 (~3MB)<\/a><\/strong><\/span><\/li>\n<li style=\"text-align: left;\"><span style=\"color: #0000ff;\"><strong><a style=\"color: #0000ff;\" title=\"Prisma_linux.7z\" href=\"http:\/\/www.mediafire.com\/download\/1u58edu6ngirtk1\/Prisma_instal_linux.zip\" target=\"_blank\">03\/02\/206 Baixar: prisma-1.0.95 \u00a0zip (~3MB) <\/a><\/strong><\/span><\/li>\n<\/ul>\n<blockquote><p>Testado em Ubuntu-14.04 e Mint17(32bits). Para outras distros Linux \u00e9 melhor baixar os fontes e compilar:<\/p>\n<p>Obter fontes:\u00a0<a href=\"https:\/\/linguagemprisma.br4.biz\/blog\/codigo-fonte\/\">https:\/\/linguagemprisma.br4.biz\/blog\/codigo-fonte\/<\/a><\/p><\/blockquote>\n<hr \/>\n<blockquote>\n<p style=\"text-align: center;\"><strong>Baixar o editor Prismacod para Ubuntu e outras distros:<\/strong><\/p>\n<\/blockquote>\n<ul>\n<li style=\"text-align: left;\"><span style=\"color: #0000ff;\"><strong><a style=\"color: #0000ff;\" title=\"Baixar Prismacod\" href=\"http:\/\/www.mediafire.com\/download\/782c9hr4ddw6e9v\/Prismacod_instal_linux.zip\" target=\"_blank\">\u00a0Baixar o Prismacod 0.3 para Linux formato zip(~900KB) \u00a003-02-2016<\/a><\/strong><\/span><\/li>\n<\/ul>\n<p style=\"text-align: left;\">Caso o bot\u00e3o executar do Prismacod n\u00e3o funcione digite este seguinte comando no terminal + enter + senha + enter<\/p>\n<pre style=\"text-align: center;\" class=\"\">sudo apt-get install xterm\r\n\r\npara outras distros n\u00e3o baseadas em debian, use a central de programas e busque por 'xterm'<\/pre>\n<hr \/>\n<h3 style=\"text-align: left;\">Caso necessite de um editor mais avan\u00e7ado use o editor Geany para ubuntu e debian, use o terminal:<\/h3>\n<pre class=\"lang:prisma decode:true\" title=\"Comando no terminal:\">sudo apt-get install geany<\/pre>\n<p style=\"text-align: left;\"><strong><em>Caso use outra distro apenas use a central de programas para instalar.<\/em><\/strong><\/p>\n<p style=\"text-align: left;\"><a href=\"http:\/\/linguagemprisma.br4.biz\/prisma_download\/linux\/filetypes.Prisma.conf.zip\">Baixe o arquivo de sintaxe da linguagem Prisma-1.0(28\/12\/2015):<\/a><\/p>\n<p style=\"text-align: left;\">\u00a0<a href=\"http:\/\/linguagemprisma.br4.biz\/prisma_download\/linux\/filetypes.Prisma.conf.zip\"><img loading=\"lazy\" decoding=\"async\" class=\"alignnone wp-image-1622 size-full\" src=\"https:\/\/linguagemprisma.br4.biz\/blog\/wp-content\/uploads\/2015\/02\/download-buttons03.png\" alt=\"download-buttons03\" width=\"158\" height=\"45\" \/><\/a><\/p>\n<p style=\"text-align: left;\">Ao baixar o arquivo de sintaxe para o Geany, descompacte-o com Winzip, Winrar, 7z ou outro de sua prefer\u00eancia, ap\u00f3s isso basta coloc\u00e1-lo no diret\u00f3rio certo:<\/p>\n<p style=\"text-align: left;\">Para <strong>Linux<\/strong> coloque em:<strong>\u00a0\/usr\/share\/geany\/filetypes.Prisma.conf<\/strong> \u00a0(necess\u00e1rio privil\u00e9gios de super usu\u00e1rio &lt;sudo&gt;)<\/p>\n<p style=\"text-align: left;\">Para <strong>Windows<\/strong>, baixe o <strong>Geany portable<\/strong> atrav\u00e9s deste link<a href=\"https:\/\/linguagemprisma.br4.biz\/blog\/editor-geany-portable\/\"> &lt;aqui&gt;<\/a> que j\u00e1 est\u00e1 com o arquivo de configura\u00e7\u00e3o:<\/p>\n<hr \/>\n<p style=\"text-align: left;\">(para o formato 7z descompacte e execute o setup ou o instalador_prismacod.sh)<\/p>\n<p style=\"text-align: left;\"><strong><span style=\"color: #ff0000;\">ATEN\u00c7\u00c3O:<\/span><\/strong><em> o prismacod usa o xterm como terminal de execu\u00e7\u00e3o dos comandos.<\/em><\/p>\n<p style=\"text-align: left;\"><em>Caso use Ubuntu, certamente ele j\u00e1 estar\u00e1 instalado. Mas em outras distros Linux talvez ser\u00e1 necess\u00e1rio instal\u00e1-lo:<\/em><\/p>\n<p style=\"text-align: left;\"><em>para Mint e derivados do debian utilize o comando em terminal: <strong>sudo apt-get install xterm<\/strong><\/em><\/p>\n<p style=\"text-align: left;\"><em>para outros use a central de aplicativos, busque por &#8216;xterm&#8217; e instale.<\/em><\/p>\n<p style=\"text-align: left;\">Ap\u00f3s instalar o Prismacod com o gdebi ou central de programas, v\u00e1 na pasta<strong> \/usr\/share\/applications\/<\/strong>\u00a0e copie o atalho Prismacod para\u00a0a \u00e1rea de trabalho.<\/p>\n<p style=\"text-align: left;\">Para fazer a associa\u00e7\u00e3o, clique com bot\u00e3o direito do mouse em cima de um arquivo *.prisma e abrir com -&gt; prismacod.<\/p>\n<p style=\"text-align: left;\"><span style=\"color: #000000;\"><em>Ap\u00f3s a instala\u00e7\u00e3o abra o terminal e digite prisma, em caso de sucesso aparecer\u00e1 o console interativo da linguagem:<\/em><\/span><\/p>\n<p style=\"text-align: left;\"><a href=\"http:\/\/linguagemprisma.br4.biz\/wp-content\/uploads\/2015\/02\/console_prisma_ubuntu2.png\"><img loading=\"lazy\" decoding=\"async\" class=\"alignnone wp-image-687\" src=\"http:\/\/linguagemprisma.br4.biz\/wp-content\/uploads\/2015\/02\/console_prisma_ubuntu2.png\" alt=\"console_prisma_ubuntu2\" width=\"376\" height=\"173\" \/><\/a><\/p>\n<p style=\"text-align: left;\">LEIA:<\/p>\n<p style=\"text-align: left;\">Testado em Ubuntu 12.04 e Ubuntu 14.04, \u00e9 poss\u00edvel que funcione em vers\u00e3o anteriores, ou futuras sem problema.<\/p>\n<p style=\"text-align: left;\">Tamb\u00e9m em vers\u00f5es como Xubuntu e Kubuntu (no m\u00e1ximo ser\u00e1 necess\u00e1rio instalar alguma depend\u00eancia<\/p>\n<p style=\"text-align: left;\">do Gtk para funcionar o ig. Prisma em si \u00e9 altamente compat\u00edvel).<\/p>\n<p style=\"text-align: left;\">Testado tamb\u00e9m em Linux Mint sob ambiente Mate, por\u00e9m n\u00e3o ter\u00e3o dificuldades em outros ambientes.<\/p>\n<p style=\"text-align: left;\">Ao abrir o pacote deb, atrav\u00e9s do instalador debi no Mint ou gerenciador de programas no Ubuntu poder\u00e1 aparecer<\/p>\n<p style=\"text-align: left;\">uma mensagem de arquivo de fonte desconhecida, \u00e9 que prisma n\u00e3o faz parte do reposit\u00f3rio oficial, por isso o aviso,<\/p>\n<p style=\"text-align: left;\">e caso concorde clique em instalar ou em alguns casos &#8216;instalar assim mesmo&#8217;.<\/p>\n<p style=\"text-align: left;\">Em Linux a hierarquia de diret\u00f3rios \u00e9 bem diferente do Windows, portanto Prisma funcionar\u00e1 de modo distinto em<\/p>\n<p style=\"text-align: left;\">ambiente Linux, por exemplo, a vari\u00e1vel prismadir n\u00e3o funciona.<\/p>\n<p style=\"text-align: left;\">Os bin\u00e1rios<strong> prisma e prismac<\/strong> (em Linux\u00a0os programas n\u00e3o tem extens\u00e3o \u00a0como os .exe no Windows) ficam<\/p>\n<p style=\"text-align: left;\">em <strong>\/usr\/local\/bin\/<\/strong> , veja que \u00e9 um lugar que exige privil\u00e9gios de sudo (super usu\u00e1rio) para ser modificado.<\/p>\n<p style=\"text-align: left;\">as libs (dlls em Windows e so em Linux) ficam em <strong>\/usr\/local\/lib\/prisma\/1.0\/clib\/ .<\/strong><\/p>\n<p style=\"text-align: left;\">em <strong>\/usr\/local\/share\/prisma\/1.0\/\u00a0 <\/strong>ficam alguns arquivos interessantes, como exemplos, m\u00f3dulos prisma na pasta <strong>plib <\/strong><\/p>\n<p style=\"text-align: left;\">alguns \u00edcones e imagens afins na pasta<strong> \/usr\/local\/share\/prisma\/1.0\/img\/\u00a0\u00a0\u00a0 <\/strong>e al\u00e9m disso uma pasta vazia doc para usos<\/p>\n<p style=\"text-align: left;\">no futuro.<\/p>\n<p style=\"text-align: left;\">Al\u00e9m disso tudo, para a pasta <strong>\/usr\/share\/gtksourceview-2.0\/languag-especs\/ <\/strong>s\u00e3o copiados dois arquivos para colora\u00e7\u00e3o\u00a0autom\u00e1tica de fontes prisma em pt-Br e US;<\/p>\n<p style=\"text-align: left;\">Se voc\u00ea usa Linux Mint, basta abrir um fonte prisma com extens\u00e3o &#8216;.prisma&#8217; no editor <strong>Pluma<\/strong> e ele j\u00e1 reconhecer\u00e1<\/p>\n<p style=\"text-align: left;\">os comandos e coment\u00e1rios automaticamente.<\/p>\n<p style=\"text-align: left;\">Depois de toda instala\u00e7\u00e3o, basta associar as extens\u00f5es .prisma ao pismacod clicando com bot\u00e3o direito no arquivo e abrir com.<\/p>\n<p style=\"text-align: left;\">Associe tamb\u00e9m os programas compilados em bytecodes .pbrexe ao prisma e .igexe ao igprisma (clicando no bot\u00e3o direito do mouse indo em propriedades-&gt;abrir com -&gt; escolher na lista e Definir como padr\u00e3o.);<\/p>\n","protected":false},"excerpt":{"rendered":"<p>Necess\u00e1rio todo o gtk e suas depend\u00eancias instaladas. (o que geralmente j\u00e1 \u00e9 por padr\u00e3o no Ubuntu ou derivados, n\u00e3o testei em ambiente KDE ); Abaixo download formato compactado arquitetura 32bits com instalador pr\u00f3prio, descompacte e execute o setup-gui ou o setup.sh em terminal: 09\/03\/2017 Prisma-1.0.100.7z (~3MB) 03\/03\/2017 Baixar: prisma-1.0.99.7z (inclu\u00eddo Prismacod)\u00a0 (~3MB) 03\/02\/206 Baixar:&#8230;<\/p>\n","protected":false},"author":1,"featured_media":0,"parent":0,"menu_order":0,"comment_status":"open","ping_status":"open","template":"tpl-full-width.php","meta":{"footnotes":""},"class_list":["post-676","page","type-page","status-publish","hentry"],"_links":{"self":[{"href":"https:\/\/linguagemprisma.br4.biz\/blog\/wp-json\/wp\/v2\/pages\/676","targetHints":{"allow":["GET"]}}],"collection":[{"href":"https:\/\/linguagemprisma.br4.biz\/blog\/wp-json\/wp\/v2\/pages"}],"about":[{"href":"https:\/\/linguagemprisma.br4.biz\/blog\/wp-json\/wp\/v2\/types\/page"}],"author":[{"embeddable":true,"href":"https:\/\/linguagemprisma.br4.biz\/blog\/wp-json\/wp\/v2\/users\/1"}],"replies":[{"embeddable":true,"href":"https:\/\/linguagemprisma.br4.biz\/blog\/wp-json\/wp\/v2\/comments?post=676"}],"version-history":[{"count":77,"href":"https:\/\/linguagemprisma.br4.biz\/blog\/wp-json\/wp\/v2\/pages\/676\/revisions"}],"predecessor-version":[{"id":3138,"href":"https:\/\/linguagemprisma.br4.biz\/blog\/wp-json\/wp\/v2\/pages\/676\/revisions\/3138"}],"wp:attachment":[{"href":"https:\/\/linguagemprisma.br4.biz\/blog\/wp-json\/wp\/v2\/media?parent=676"}],"curies":[{"name":"wp","href":"https:\/\/api.w.org\/{rel}","templated":true}]}}