{"id":812,"date":"2015-05-11T01:14:43","date_gmt":"2015-05-11T01:14:43","guid":{"rendered":"http:\/\/linguagemprisma.net\/blog\/?page_id=812"},"modified":"2021-09-17T14:49:20","modified_gmt":"2021-09-17T18:49:20","slug":"editor-geany-portable","status":"publish","type":"page","link":"https:\/\/linguagemprisma.br4.biz\/blog\/editor-geany-portable\/","title":{"rendered":"Editor Geany portable"},"content":{"rendered":"<p><img loading=\"lazy\" decoding=\"async\" class=\"alignnone wp-image-813 size-full aligncenter\" src=\"https:\/\/linguagemprisma.br4.biz\/blog\/wp-content\/uploads\/2015\/05\/geany_tela.png\" alt=\"geany_tela\" width=\"822\" height=\"546\" srcset=\"https:\/\/linguagemprisma.br4.biz\/blog\/wp-content\/uploads\/2015\/05\/geany_tela.png 822w, https:\/\/linguagemprisma.br4.biz\/blog\/wp-content\/uploads\/2015\/05\/geany_tela-300x199.png 300w\" sizes=\"auto, (max-width: 822px) 100vw, 822px\" \/><\/p>\n<p style=\"text-align: center;\"><span style=\"color: #ff0000;\">Vers\u00e3o windows 32bits \/ \u00a0<span style=\"color: #3366ff;\">Para instalar Geany no linux utilize a Central de Programas<\/span><\/span><\/p>\n<p style=\"text-align: center;\"><span style=\"color: #ff0000;\">ou use: \u00a0 \u00a0 \u00a0 \u00a0 \u00a0<strong><span style=\"color: #3366ff;\"> sudo apt-get install geany<\/span><\/strong>\u00a0 \u00a0 \u00a0 \u00a0 \u00a0 \u00a0 \u00a0 no terminal para instalar rapidamente.<\/span><\/p>\n<p style=\"text-align: center;\">OBS,: \u00a0para coment\u00e1rios longos ser\u00e1 necess\u00e1rio o seguinte esquema: \u00a0\/** \u00a0linhas aqui \u00a0**\/\/ \u00a0com essas barras duplas fechando ok.<\/p>\n<p style=\"text-align: center;\"><strong>PS.: a partir da vers\u00e3o 1.0.99 os coment\u00e1rios multilinhas foram alterados para: \/* \u00a0*\/ estilo C\u00a0<\/strong><\/p>\n<p style=\"text-align: center;\"><a title=\"Baixar Geany portable\" href=\"http:\/\/www.mediafire.com\/download\/esb04h0wyuopbvf\/Geany.7z\" target=\"_blank\" rel=\"noopener\">Geany portable(clique aqui 6.2 MB)<\/a><\/p>\n<p style=\"text-align: center;\"><a href=\"http:\/\/www.mediafire.com\/download\/esb04h0wyuopbvf\/Geany.7z\" target=\"_blank\" rel=\"noopener\"><img loading=\"lazy\" decoding=\"async\" class=\"alignnone wp-image-1623 size-full\" src=\"https:\/\/linguagemprisma.br4.biz\/blog\/wp-content\/uploads\/2015\/02\/download-buttons04.png\" alt=\"download-buttons04\" width=\"158\" height=\"45\" \/><\/a><\/p>\n<p style=\"text-align: center;\"><span style=\"color: #ff0000;\"><script>\/\/ <!\n\n<pre class=\"lang: decode:1 \" ><\/pre>\n<p>]><\/script><\/span><\/p>\n<p style=\"text-align: center;\">Quem conhece o Geany sabe que \u00e9 uma \u00f3tima op\u00e7\u00e3o para programar, estou disponibilizando sua vers\u00e3o port\u00e1vel, sem necessidade de instala\u00e7\u00e3o, basta descomprimi-lo com Winrar ou 7zip na pasta de sua prefer\u00eancia, fazer um atalho para \u00e1rea de trabalho e utiliz\u00e1-lo normalmente. Para verifica\u00e7\u00e3o de licen\u00e7a e sources visite a p\u00e1gina:\u00a0<a title=\"p\u00e1gina oficial do Geany\" href=\"http:\/\/www.geany.org\/\" target=\"_blank\" rel=\"noopener\">http:\/\/www.geany.org\/<\/a><\/p>\n<p style=\"text-align: center;\">J\u00e1 est\u00e1 incluso a configura\u00e7\u00e3o para reconhecer a sintaxe Prisma, podendo reconhecer as extens\u00f5es prisma: *.prisma, *.pris, *.pbr, *.prismabr,*.P ou *.PCab<\/p>\n<p style=\"text-align: center;\">Essas \u00faltimas extens\u00f5es eu adicionei para ficar mais elegante arquivos fontes (*.P) e cabe\u00e7alhos (*.PCab);<\/p>\n<p style=\"text-align: center;\">Caso n\u00e3o reconhe\u00e7a automaticamente, voc\u00ea pode ir no menu: Documento-&gt;Definir Tipo de Arquivo-&gt; *Arquivo Prisma<\/p>\n<p style=\"text-align: center;\">Veja na imagem:<\/p>\n<p style=\"text-align: center;\"><a href=\"https:\/\/linguagemprisma.br4.biz\/blog\/wp-content\/uploads\/2015\/05\/geany_menu.png\"><img loading=\"lazy\" decoding=\"async\" class=\"alignnone wp-image-814\" src=\"https:\/\/linguagemprisma.br4.biz\/blog\/wp-content\/uploads\/2015\/05\/geany_menu-300x236.png\" alt=\"geany_menu\" width=\"339\" height=\"267\" srcset=\"https:\/\/linguagemprisma.br4.biz\/blog\/wp-content\/uploads\/2015\/05\/geany_menu-300x236.png 300w, https:\/\/linguagemprisma.br4.biz\/blog\/wp-content\/uploads\/2015\/05\/geany_menu.png 426w\" sizes=\"auto, (max-width: 339px) 100vw, 339px\" \/><\/a><\/p>\n<p style=\"text-align: center;\">Ap\u00f3s reconhecer o arquivo prisma, \u00e9 poss\u00edvel executar normalmente desde que tenha baixado a \u00faltima vers\u00e3o prisma(1.0.9 ou superior)<\/p>\n<p style=\"text-align: center;\">pois o diret\u00f3rio de instala\u00e7\u00e3o foi modificado para ( C:\\Prisma\\1.0\\bin\\)<\/p>\n<p style=\"text-align: center;\">Pode compilar tamb\u00e9m no bot\u00e3o compilar ( a sa\u00edda \u00e9 *.pbrexe);<\/p>\n<p style=\"text-align: center;\">Se quiser existe a op\u00e7\u00e3o compilar biblioteca prisma, para isso v\u00e1 ao menu: Construir-&gt;Compilar_LIB_Prisma<\/p>\n<p style=\"text-align: center;\">A sa\u00edda ser\u00e1 \u00a0 *_pris.dll ( caso seu fonte seja teste.prisma ou teste.PCab , ficar\u00e1 teste_pris.dll );<\/p>\n<p style=\"text-align: center;\">Veja na imagem:<\/p>\n<p><a href=\"https:\/\/linguagemprisma.br4.biz\/blog\/wp-content\/uploads\/2015\/05\/geany_compilar.png\"><img loading=\"lazy\" decoding=\"async\" class=\"alignnone wp-image-815 aligncenter\" src=\"https:\/\/linguagemprisma.br4.biz\/blog\/wp-content\/uploads\/2015\/05\/geany_compilar-300x204.png\" alt=\"geany_compilar\" width=\"350\" height=\"238\" srcset=\"https:\/\/linguagemprisma.br4.biz\/blog\/wp-content\/uploads\/2015\/05\/geany_compilar-300x204.png 300w, https:\/\/linguagemprisma.br4.biz\/blog\/wp-content\/uploads\/2015\/05\/geany_compilar.png 443w\" sizes=\"auto, (max-width: 350px) 100vw, 350px\" \/><\/a><\/p>\n","protected":false},"excerpt":{"rendered":"<p>Vers\u00e3o windows 32bits \/ \u00a0Para instalar Geany no linux utilize a Central de Programas ou use: \u00a0 \u00a0 \u00a0 \u00a0 \u00a0 sudo apt-get install geany\u00a0 \u00a0 \u00a0 \u00a0 \u00a0 \u00a0 \u00a0 no terminal para instalar rapidamente. OBS,: \u00a0para coment\u00e1rios longos ser\u00e1 necess\u00e1rio o seguinte esquema: \u00a0\/** \u00a0linhas aqui \u00a0**\/\/ \u00a0com essas barras duplas fechando ok&#8230;.<\/p>\n","protected":false},"author":1,"featured_media":0,"parent":0,"menu_order":0,"comment_status":"open","ping_status":"open","template":"tpl-full-width.php","meta":{"footnotes":""},"class_list":["post-812","page","type-page","status-publish","hentry"],"_links":{"self":[{"href":"https:\/\/linguagemprisma.br4.biz\/blog\/wp-json\/wp\/v2\/pages\/812","targetHints":{"allow":["GET"]}}],"collection":[{"href":"https:\/\/linguagemprisma.br4.biz\/blog\/wp-json\/wp\/v2\/pages"}],"about":[{"href":"https:\/\/linguagemprisma.br4.biz\/blog\/wp-json\/wp\/v2\/types\/page"}],"author":[{"embeddable":true,"href":"https:\/\/linguagemprisma.br4.biz\/blog\/wp-json\/wp\/v2\/users\/1"}],"replies":[{"embeddable":true,"href":"https:\/\/linguagemprisma.br4.biz\/blog\/wp-json\/wp\/v2\/comments?post=812"}],"version-history":[{"count":20,"href":"https:\/\/linguagemprisma.br4.biz\/blog\/wp-json\/wp\/v2\/pages\/812\/revisions"}],"predecessor-version":[{"id":3288,"href":"https:\/\/linguagemprisma.br4.biz\/blog\/wp-json\/wp\/v2\/pages\/812\/revisions\/3288"}],"wp:attachment":[{"href":"https:\/\/linguagemprisma.br4.biz\/blog\/wp-json\/wp\/v2\/media?parent=812"}],"curies":[{"name":"wp","href":"https:\/\/api.w.org\/{rel}","templated":true}]}}